{"id":17,"date":"2017-11-07T20:07:33","date_gmt":"2017-11-07T19:07:33","guid":{"rendered":"http:\/\/www.ff-mariaschmolln.at\/web\/?page_id=17"},"modified":"2026-01-09T10:19:11","modified_gmt":"2026-01-09T09:19:11","slug":"aktiv","status":"publish","type":"page","link":"https:\/\/www.ff-mariaschmolln.at\/web\/aktiv\/","title":{"rendered":"Bewerbsgruppe"},"content":{"rendered":"\n<p>Das zweimal w\u00f6chentliche Training f\u00fcr die Bewerbsgruppen der FF Maria Schmolln beginnt immer wieder Mitte Februar im Feuerwehrhaus und am Fu\u00dfballplatz beim Freibad. Auf Grund dieser guten Vorbereitung und den damit verbundenem zeitlichen Aufwand kann unsere Aktivgruppe mit starken Leistungen gl\u00e4nzen.<\/p>\n\n\n\n<p>Nicht nur gute Vorbereitung, sondern auch mindestens soviel Freude und Engagement geh\u00f6rt bei dieser Feuerwehrdisziplin dazu. Die gesamte Mannschaft der Aktivgruppe f\u00e4hrt daher j\u00e4hrlich auf Trainingslager, was die Kameradschaft und Freundschaft in der Gruppe sehr st\u00e4rkt. Zust\u00e4ndig f\u00fcr diese herausfordernde Arbeit ist HBM d. F. Simon Forstenpointner<\/p>\n","protected":false},"excerpt":{"rendered":"<p>Das zweimal w\u00f6chentliche Training f\u00fcr die Bewerbsgruppen der FF Maria Schmolln beginnt immer wieder Mitte Februar im Feuerwehrhaus und am<\/p>\n","protected":false},"author":1,"featured_media":0,"parent":0,"menu_order":2,"comment_status":"closed","ping_status":"closed","template":"","meta":{"footnotes":""},"class_list":["post-17","page","type-page","status-publish","hentry","comments-off"],"_links":{"self":[{"href":"https:\/\/www.ff-mariaschmolln.at\/web\/wp-json\/wp\/v2\/pages\/17","targetHints":{"allow":["GET"]}}],"collection":[{"href":"https:\/\/www.ff-mariaschmolln.at\/web\/wp-json\/wp\/v2\/pages"}],"about":[{"href":"https:\/\/www.ff-mariaschmolln.at\/web\/wp-json\/wp\/v2\/types\/page"}],"author":[{"embeddable":true,"href":"https:\/\/www.ff-mariaschmolln.at\/web\/wp-json\/wp\/v2\/users\/1"}],"replies":[{"embeddable":true,"href":"https:\/\/www.ff-mariaschmolln.at\/web\/wp-json\/wp\/v2\/comments?post=17"}],"version-history":[{"count":21,"href":"https:\/\/www.ff-mariaschmolln.at\/web\/wp-json\/wp\/v2\/pages\/17\/revisions"}],"predecessor-version":[{"id":4007,"href":"https:\/\/www.ff-mariaschmolln.at\/web\/wp-json\/wp\/v2\/pages\/17\/revisions\/4007"}],"wp:attachment":[{"href":"https:\/\/www.ff-mariaschmolln.at\/web\/wp-json\/wp\/v2\/media?parent=17"}],"curies":[{"name":"wp","href":"https:\/\/api.w.org\/{rel}","templated":true}]}}