{"id":197,"date":"2018-06-18T07:52:35","date_gmt":"2018-06-18T05:52:35","guid":{"rendered":"http:\/\/www.ff-mariaschmolln.at\/web\/?page_id=197"},"modified":"2026-01-09T10:18:11","modified_gmt":"2026-01-09T09:18:11","slug":"waldfest-just4fun-bewerb","status":"publish","type":"page","link":"https:\/\/www.ff-mariaschmolln.at\/web\/waldfest-just4fun-bewerb\/","title":{"rendered":"Waldfest &amp; Just4Fun Bewerb"},"content":{"rendered":"\n<div class=\"wp-block-columns is-layout-flex wp-container-core-columns-is-layout-9d6595d7 wp-block-columns-is-layout-flex\">\n<div class=\"wp-block-column is-layout-flow wp-block-column-is-layout-flow\">\n<div class=\"wp-block-columns is-layout-flex wp-container-core-columns-is-layout-9d6595d7 wp-block-columns-is-layout-flex\">\n<div class=\"wp-block-column is-layout-flow wp-block-column-is-layout-flow\">\n<div class=\"wp-block-columns is-layout-flex wp-container-core-columns-is-layout-9d6595d7 wp-block-columns-is-layout-flex\">\n<div class=\"wp-block-column is-layout-flow wp-block-column-is-layout-flow\">\n<div class=\"wp-block-columns is-layout-flex wp-container-core-columns-is-layout-9d6595d7 wp-block-columns-is-layout-flex\">\n<div class=\"wp-block-column is-layout-flow wp-block-column-is-layout-flow\"><\/div>\n<\/div>\n<\/div>\n<\/div>\n<\/div>\n<\/div>\n<\/div>\n<\/div>\n\n\n\n<div class=\"wp-block-columns is-layout-flex wp-container-core-columns-is-layout-9d6595d7 wp-block-columns-is-layout-flex\">\n<div class=\"wp-block-column is-layout-flow wp-block-column-is-layout-flow\">\n<figure class=\"wp-block-embed is-type-wp-embed is-provider-freiwillige-feuerwehr-maria-schmolln wp-block-embed-freiwillige-feuerwehr-maria-schmolln\"><div class=\"wp-block-embed__wrapper\">\n<blockquote class=\"wp-embedded-content\" data-secret=\"aunzPROd4I\"><a href=\"https:\/\/www.ff-mariaschmolln.at\/web\/waldfest-fotos-2023\/\">Waldfest Fotos 2023<\/a><\/blockquote><iframe loading=\"lazy\" class=\"wp-embedded-content\" sandbox=\"allow-scripts\" security=\"restricted\" style=\"position: absolute; visibility: hidden;\" title=\"&#8222;Waldfest Fotos 2023&#8220; &#8211; Freiwillige Feuerwehr Maria Schmolln\" src=\"https:\/\/www.ff-mariaschmolln.at\/web\/waldfest-fotos-2023\/embed\/#?secret=6rD0pmtN2s#?secret=aunzPROd4I\" data-secret=\"aunzPROd4I\" width=\"600\" height=\"338\" frameborder=\"0\" marginwidth=\"0\" marginheight=\"0\" scrolling=\"no\"><\/iframe>\n<\/div><\/figure>\n<\/div>\n\n\n\n<div class=\"wp-block-column is-layout-flow wp-block-column-is-layout-flow\">\n<figure class=\"wp-block-embed is-type-wp-embed is-provider-freiwillige-feuerwehr-maria-schmolln wp-block-embed-freiwillige-feuerwehr-maria-schmolln\"><div class=\"wp-block-embed__wrapper\">\n<blockquote class=\"wp-embedded-content\" data-secret=\"9LdIH7jGK0\"><a href=\"https:\/\/www.ff-mariaschmolln.at\/web\/waldfest-fotos-2021\/\">Waldfest Fotos 2021<\/a><\/blockquote><iframe loading=\"lazy\" class=\"wp-embedded-content\" sandbox=\"allow-scripts\" security=\"restricted\" style=\"position: absolute; visibility: hidden;\" title=\"&#8222;Waldfest Fotos 2021&#8220; &#8211; Freiwillige Feuerwehr Maria Schmolln\" src=\"https:\/\/www.ff-mariaschmolln.at\/web\/waldfest-fotos-2021\/embed\/#?secret=6D8TlCP1jf#?secret=9LdIH7jGK0\" data-secret=\"9LdIH7jGK0\" width=\"600\" height=\"338\" frameborder=\"0\" marginwidth=\"0\" marginheight=\"0\" scrolling=\"no\"><\/iframe>\n<\/div><\/figure>\n<\/div>\n<\/div>\n\n\n\n<div class=\"wp-block-columns is-layout-flex wp-container-core-columns-is-layout-9d6595d7 wp-block-columns-is-layout-flex\">\n<div class=\"wp-block-column is-layout-flow wp-block-column-is-layout-flow\">\n<figure class=\"wp-block-embed is-type-wp-embed is-provider-freiwillige-feuerwehr-maria-schmolln wp-block-embed-freiwillige-feuerwehr-maria-schmolln\"><div class=\"wp-block-embed__wrapper\">\n<blockquote class=\"wp-embedded-content\" data-secret=\"zb5ll8Q1Hn\"><a href=\"https:\/\/www.ff-mariaschmolln.at\/web\/kein-waldfest-2020\/\">KEIN WALDFEST 2020<\/a><\/blockquote><iframe loading=\"lazy\" class=\"wp-embedded-content\" sandbox=\"allow-scripts\" security=\"restricted\" style=\"position: absolute; visibility: hidden;\" title=\"&#8222;KEIN WALDFEST 2020&#8220; &#8211; Freiwillige Feuerwehr Maria Schmolln\" src=\"https:\/\/www.ff-mariaschmolln.at\/web\/kein-waldfest-2020\/embed\/#?secret=WHzLxzdoho#?secret=zb5ll8Q1Hn\" data-secret=\"zb5ll8Q1Hn\" width=\"600\" height=\"338\" frameborder=\"0\" marginwidth=\"0\" marginheight=\"0\" scrolling=\"no\"><\/iframe>\n<\/div><\/figure>\n<\/div>\n\n\n\n<div class=\"wp-block-column is-layout-flow wp-block-column-is-layout-flow\">\n<figure class=\"wp-block-embed is-type-wp-embed is-provider-freiwillige-feuerwehr-maria-schmolln wp-block-embed-freiwillige-feuerwehr-maria-schmolln\"><div class=\"wp-block-embed__wrapper\">\n<blockquote class=\"wp-embedded-content\" data-secret=\"pfG37aRflC\"><a href=\"https:\/\/www.ff-mariaschmolln.at\/web\/120-jaehriges-gruendungsjubilaeum\/\">120-j\u00e4hriges Gr\u00fcndungsjubil\u00e4um \/ Waldfest 2019<\/a><\/blockquote><iframe loading=\"lazy\" class=\"wp-embedded-content\" sandbox=\"allow-scripts\" security=\"restricted\" style=\"position: absolute; visibility: hidden;\" title=\"&#8222;120-j\u00e4hriges Gr\u00fcndungsjubil\u00e4um \/ Waldfest 2019&#8220; &#8211; Freiwillige Feuerwehr Maria Schmolln\" src=\"https:\/\/www.ff-mariaschmolln.at\/web\/120-jaehriges-gruendungsjubilaeum\/embed\/#?secret=1kXYI474VO#?secret=pfG37aRflC\" data-secret=\"pfG37aRflC\" width=\"600\" height=\"338\" frameborder=\"0\" marginwidth=\"0\" marginheight=\"0\" scrolling=\"no\"><\/iframe>\n<\/div><\/figure>\n<\/div>\n<\/div>\n","protected":false},"excerpt":{"rendered":"","protected":false},"author":1,"featured_media":0,"parent":0,"menu_order":0,"comment_status":"closed","ping_status":"closed","template":"","meta":{"footnotes":""},"class_list":["post-197","page","type-page","status-publish","hentry","comments-off"],"_links":{"self":[{"href":"https:\/\/www.ff-mariaschmolln.at\/web\/wp-json\/wp\/v2\/pages\/197","targetHints":{"allow":["GET"]}}],"collection":[{"href":"https:\/\/www.ff-mariaschmolln.at\/web\/wp-json\/wp\/v2\/pages"}],"about":[{"href":"https:\/\/www.ff-mariaschmolln.at\/web\/wp-json\/wp\/v2\/types\/page"}],"author":[{"embeddable":true,"href":"https:\/\/www.ff-mariaschmolln.at\/web\/wp-json\/wp\/v2\/users\/1"}],"replies":[{"embeddable":true,"href":"https:\/\/www.ff-mariaschmolln.at\/web\/wp-json\/wp\/v2\/comments?post=197"}],"version-history":[{"count":45,"href":"https:\/\/www.ff-mariaschmolln.at\/web\/wp-json\/wp\/v2\/pages\/197\/revisions"}],"predecessor-version":[{"id":4006,"href":"https:\/\/www.ff-mariaschmolln.at\/web\/wp-json\/wp\/v2\/pages\/197\/revisions\/4006"}],"wp:attachment":[{"href":"https:\/\/www.ff-mariaschmolln.at\/web\/wp-json\/wp\/v2\/media?parent=197"}],"curies":[{"name":"wp","href":"https:\/\/api.w.org\/{rel}","templated":true}]}}