{"id":2072,"date":"2024-08-18T14:26:02","date_gmt":"2024-08-18T12:26:02","guid":{"rendered":"https:\/\/www.ff-mariaschmolln.at\/web\/?page_id=2072"},"modified":"2026-02-23T12:33:57","modified_gmt":"2026-02-23T11:33:57","slug":"uebungen-2022","status":"publish","type":"page","link":"https:\/\/www.ff-mariaschmolln.at\/web\/uebungen\/uebungen-2022\/","title":{"rendered":"\u00dcbungen 2022"},"content":{"rendered":"<ul class=\"wp-block-latest-posts__list is-grid columns-3 has-dates wp-block-latest-posts\"><li><div class=\"wp-block-latest-posts__featured-image\"><img loading=\"lazy\" decoding=\"async\" width=\"200\" height=\"150\" src=\"https:\/\/www.ff-mariaschmolln.at\/web\/wp-content\/uploads\/2023\/04\/WhatsApp-Image-2023-04-17-at-19.11.51-300x225.jpeg\" class=\"attachment-medium size-medium wp-post-image\" alt=\"\" style=\"\" srcset=\"https:\/\/www.ff-mariaschmolln.at\/web\/wp-content\/uploads\/2023\/04\/WhatsApp-Image-2023-04-17-at-19.11.51-300x225.jpeg 300w, https:\/\/www.ff-mariaschmolln.at\/web\/wp-content\/uploads\/2023\/04\/WhatsApp-Image-2023-04-17-at-19.11.51-768x576.jpeg 768w, https:\/\/www.ff-mariaschmolln.at\/web\/wp-content\/uploads\/2023\/04\/WhatsApp-Image-2023-04-17-at-19.11.51.jpeg 1024w\" sizes=\"auto, (max-width: 200px) 100vw, 200px\" \/><\/div><a class=\"wp-block-latest-posts__post-title\" href=\"https:\/\/www.ff-mariaschmolln.at\/web\/uebung-01-12-2022\/\">\u00dcbung 01.12.2022<\/a><time datetime=\"2022-12-02T13:14:00+01:00\" class=\"wp-block-latest-posts__post-date\">2. Dezember 2022<\/time><div class=\"wp-block-latest-posts__post-excerpt\">Am 01. Dezember \u00fcbten wir die T\u00fcr\u00f6ffnung bzw. die&#8230;<\/div><\/li>\n<li><a class=\"wp-block-latest-posts__post-title\" href=\"https:\/\/www.ff-mariaschmolln.at\/web\/uebung-24-11-2022\/\">\u00dcbung 24.11.2022<\/a><time datetime=\"2022-11-25T13:27:00+01:00\" class=\"wp-block-latest-posts__post-date\">25. November 2022<\/time><div class=\"wp-block-latest-posts__post-excerpt\">Am 24. November fand wieder eine 40+, 50+, 60+&#8230;<\/div><\/li>\n<li><div class=\"wp-block-latest-posts__featured-image\"><img loading=\"lazy\" decoding=\"async\" width=\"200\" height=\"150\" src=\"https:\/\/www.ff-mariaschmolln.at\/web\/wp-content\/uploads\/2023\/04\/WhatsApp-Image-2023-04-15-at-17.10.09-300x225.jpeg\" class=\"attachment-medium size-medium wp-post-image\" alt=\"\" style=\"\" srcset=\"https:\/\/www.ff-mariaschmolln.at\/web\/wp-content\/uploads\/2023\/04\/WhatsApp-Image-2023-04-15-at-17.10.09-300x225.jpeg 300w, https:\/\/www.ff-mariaschmolln.at\/web\/wp-content\/uploads\/2023\/04\/WhatsApp-Image-2023-04-15-at-17.10.09-768x576.jpeg 768w, https:\/\/www.ff-mariaschmolln.at\/web\/wp-content\/uploads\/2023\/04\/WhatsApp-Image-2023-04-15-at-17.10.09.jpeg 1024w\" sizes=\"auto, (max-width: 200px) 100vw, 200px\" \/><\/div><a class=\"wp-block-latest-posts__post-title\" href=\"https:\/\/www.ff-mariaschmolln.at\/web\/uebung-17-11-2022\/\">\u00dcbung 17.11.2022<\/a><time datetime=\"2022-11-18T13:28:00+01:00\" class=\"wp-block-latest-posts__post-date\">18. November 2022<\/time><div class=\"wp-block-latest-posts__post-excerpt\">Am 17. November wurde die Fahrzeugbergung aus schwierigem&#8230;<\/div><\/li>\n<li><a class=\"wp-block-latest-posts__post-title\" href=\"https:\/\/www.ff-mariaschmolln.at\/web\/uebung-27-10-2022\/\">\u00dcbung 27.10.2022<\/a><time datetime=\"2022-10-28T13:29:00+02:00\" class=\"wp-block-latest-posts__post-date\">28. Oktober 2022<\/time><div class=\"wp-block-latest-posts__post-excerpt\">Am 27. Oktober wurde der Umgang mit der Tragkraftspritze&#8230;<\/div><\/li>\n<li><a class=\"wp-block-latest-posts__post-title\" href=\"https:\/\/www.ff-mariaschmolln.at\/web\/herbstuebung-09-10-2022\/\">Herbst\u00fcbung 09.10.2022<\/a><time datetime=\"2022-10-10T13:30:00+02:00\" class=\"wp-block-latest-posts__post-date\">10. Oktober 2022<\/time><div class=\"wp-block-latest-posts__post-excerpt\">Die diesj\u00e4hrige Herbst\u00fcbung fand am 9. Oktober im Gewerbegebiet&#8230;<\/div><\/li>\n<li><div class=\"wp-block-latest-posts__featured-image\"><img loading=\"lazy\" decoding=\"async\" width=\"200\" height=\"150\" src=\"https:\/\/www.ff-mariaschmolln.at\/web\/wp-content\/uploads\/2022\/11\/52403435832_4c1c5984ed_o-300x225.jpg\" class=\"attachment-medium size-medium wp-post-image\" alt=\"\" style=\"\" srcset=\"https:\/\/www.ff-mariaschmolln.at\/web\/wp-content\/uploads\/2022\/11\/52403435832_4c1c5984ed_o-300x225.jpg 300w, https:\/\/www.ff-mariaschmolln.at\/web\/wp-content\/uploads\/2022\/11\/52403435832_4c1c5984ed_o-1024x768.jpg 1024w, https:\/\/www.ff-mariaschmolln.at\/web\/wp-content\/uploads\/2022\/11\/52403435832_4c1c5984ed_o-768x576.jpg 768w, https:\/\/www.ff-mariaschmolln.at\/web\/wp-content\/uploads\/2022\/11\/52403435832_4c1c5984ed_o-1536x1152.jpg 1536w, https:\/\/www.ff-mariaschmolln.at\/web\/wp-content\/uploads\/2022\/11\/52403435832_4c1c5984ed_o-2048x1536.jpg 2048w\" sizes=\"auto, (max-width: 200px) 100vw, 200px\" \/><\/div><a class=\"wp-block-latest-posts__post-title\" href=\"https:\/\/www.ff-mariaschmolln.at\/web\/grossuebung-01-10-2022\/\">Gro\u00df\u00fcbung 01.10.2022<\/a><time datetime=\"2022-10-02T13:31:00+02:00\" class=\"wp-block-latest-posts__post-date\">2. Oktober 2022<\/time><div class=\"wp-block-latest-posts__post-excerpt\">Am 01. Oktober organisierten wir eine technische Gro\u00df\u00fcbung&#8230;<\/div><\/li>\n<li><a class=\"wp-block-latest-posts__post-title\" href=\"https:\/\/www.ff-mariaschmolln.at\/web\/uebung-22-09-2022\/\">\u00dcbung 22.09.2022<\/a><time datetime=\"2022-09-23T13:33:00+02:00\" class=\"wp-block-latest-posts__post-date\">23. September 2022<\/time><div class=\"wp-block-latest-posts__post-excerpt\">Der richtige Umgang mit E-Autos und die Besonderheiten&#8230;<\/div><\/li>\n<li><a class=\"wp-block-latest-posts__post-title\" href=\"https:\/\/www.ff-mariaschmolln.at\/web\/uebung-08-09-2022\/\">\u00dcbung 08.09.2022<\/a><time datetime=\"2022-09-09T13:33:00+02:00\" class=\"wp-block-latest-posts__post-date\">9. September 2022<\/time><div class=\"wp-block-latest-posts__post-excerpt\">Bei der \u00dcbung am 8. September wurde der Umgang mit&#8230;<\/div><\/li>\n<li><a class=\"wp-block-latest-posts__post-title\" href=\"https:\/\/www.ff-mariaschmolln.at\/web\/uebung-25-08-2022\/\">\u00dcbung 25.08.2022<\/a><time datetime=\"2022-08-26T13:34:00+02:00\" class=\"wp-block-latest-posts__post-date\">26. August 2022<\/time><div class=\"wp-block-latest-posts__post-excerpt\">Am 25. August fand wieder eine 40+, 50+, 60+ \u00dcbung&#8230;<\/div><\/li>\n<li><div class=\"wp-block-latest-posts__featured-image\"><img loading=\"lazy\" decoding=\"async\" width=\"200\" height=\"150\" src=\"https:\/\/www.ff-mariaschmolln.at\/web\/wp-content\/uploads\/2022\/11\/WhatsApp-Image-2022-11-09-at-18.02.58-300x225.jpeg\" class=\"attachment-medium size-medium wp-post-image\" alt=\"\" style=\"\" srcset=\"https:\/\/www.ff-mariaschmolln.at\/web\/wp-content\/uploads\/2022\/11\/WhatsApp-Image-2022-11-09-at-18.02.58-300x225.jpeg 300w, https:\/\/www.ff-mariaschmolln.at\/web\/wp-content\/uploads\/2022\/11\/WhatsApp-Image-2022-11-09-at-18.02.58-768x576.jpeg 768w, https:\/\/www.ff-mariaschmolln.at\/web\/wp-content\/uploads\/2022\/11\/WhatsApp-Image-2022-11-09-at-18.02.58.jpeg 1024w\" sizes=\"auto, (max-width: 200px) 100vw, 200px\" \/><\/div><a class=\"wp-block-latest-posts__post-title\" href=\"https:\/\/www.ff-mariaschmolln.at\/web\/uebung-18-08-2022\/\">\u00dcbung 18.08.2022<\/a><time datetime=\"2022-08-19T13:35:00+02:00\" class=\"wp-block-latest-posts__post-date\">19. August 2022<\/time><div class=\"wp-block-latest-posts__post-excerpt\">Am 18. August fand eine \u00dcbung in der Ortschaft Bucheck&#8230;<\/div><\/li>\n<li><div class=\"wp-block-latest-posts__featured-image\"><img loading=\"lazy\" decoding=\"async\" width=\"200\" height=\"150\" src=\"https:\/\/www.ff-mariaschmolln.at\/web\/wp-content\/uploads\/2022\/08\/WhatsApp-Image-2022-08-08-at-19.21.151-300x225.jpeg\" class=\"attachment-medium size-medium wp-post-image\" alt=\"\" style=\"\" srcset=\"https:\/\/www.ff-mariaschmolln.at\/web\/wp-content\/uploads\/2022\/08\/WhatsApp-Image-2022-08-08-at-19.21.151-300x225.jpeg 300w, https:\/\/www.ff-mariaschmolln.at\/web\/wp-content\/uploads\/2022\/08\/WhatsApp-Image-2022-08-08-at-19.21.151-1024x768.jpeg 1024w, https:\/\/www.ff-mariaschmolln.at\/web\/wp-content\/uploads\/2022\/08\/WhatsApp-Image-2022-08-08-at-19.21.151-768x576.jpeg 768w, https:\/\/www.ff-mariaschmolln.at\/web\/wp-content\/uploads\/2022\/08\/WhatsApp-Image-2022-08-08-at-19.21.151-1536x1152.jpeg 1536w, https:\/\/www.ff-mariaschmolln.at\/web\/wp-content\/uploads\/2022\/08\/WhatsApp-Image-2022-08-08-at-19.21.151.jpeg 2048w\" sizes=\"auto, (max-width: 200px) 100vw, 200px\" \/><\/div><a class=\"wp-block-latest-posts__post-title\" href=\"https:\/\/www.ff-mariaschmolln.at\/web\/uebung-28-07-2022\/\">\u00dcbung 28.07.2022<\/a><time datetime=\"2022-07-29T13:36:00+02:00\" class=\"wp-block-latest-posts__post-date\">29. Juli 2022<\/time><div class=\"wp-block-latest-posts__post-excerpt\">Am 28. Juli wurde das Szenario eines Forstunfalls mit eingeklemmter&#8230;<\/div><\/li>\n<li><div class=\"wp-block-latest-posts__featured-image\"><img loading=\"lazy\" decoding=\"async\" width=\"200\" height=\"96\" src=\"https:\/\/www.ff-mariaschmolln.at\/web\/wp-content\/uploads\/2022\/08\/WhatsApp-Image-2022-08-08-at-19.29.03-e1659979833151-300x144.jpeg\" class=\"attachment-medium size-medium wp-post-image\" alt=\"\" style=\"\" srcset=\"https:\/\/www.ff-mariaschmolln.at\/web\/wp-content\/uploads\/2022\/08\/WhatsApp-Image-2022-08-08-at-19.29.03-e1659979833151-300x144.jpeg 300w, https:\/\/www.ff-mariaschmolln.at\/web\/wp-content\/uploads\/2022\/08\/WhatsApp-Image-2022-08-08-at-19.29.03-e1659979833151-768x368.jpeg 768w, https:\/\/www.ff-mariaschmolln.at\/web\/wp-content\/uploads\/2022\/08\/WhatsApp-Image-2022-08-08-at-19.29.03-e1659979833151.jpeg 1024w\" sizes=\"auto, (max-width: 200px) 100vw, 200px\" \/><\/div><a class=\"wp-block-latest-posts__post-title\" href=\"https:\/\/www.ff-mariaschmolln.at\/web\/uebung-09-06-2022\/\">\u00dcbung 09.06.2022<\/a><time datetime=\"2022-06-10T13:46:00+02:00\" class=\"wp-block-latest-posts__post-date\">10. Juni 2022<\/time><div class=\"wp-block-latest-posts__post-excerpt\">Bei der \u00dcbung am 9. Juni wurde die richtige Absturzsicherung&#8230;<\/div><\/li>\n<li><a class=\"wp-block-latest-posts__post-title\" href=\"https:\/\/www.ff-mariaschmolln.at\/web\/uebung-02-06-2022\/\">\u00dcbung 02.06.2022<\/a><time datetime=\"2022-06-03T13:48:00+02:00\" class=\"wp-block-latest-posts__post-date\">3. Juni 2022<\/time><div class=\"wp-block-latest-posts__post-excerpt\">Am 2. Juni fand wieder eine 40+, 50+, 60+ \u00dcbung&#8230;<\/div><\/li>\n<li><a class=\"wp-block-latest-posts__post-title\" href=\"https:\/\/www.ff-mariaschmolln.at\/web\/uebung-19-05-2022\/\">\u00dcbung 19.05.2022<\/a><time datetime=\"2022-05-20T13:49:00+02:00\" class=\"wp-block-latest-posts__post-date\">20. Mai 2022<\/time><div class=\"wp-block-latest-posts__post-excerpt\">Am 19. Mai wurde die Handhabung eines Verkehrsunfalls&#8230;<\/div><\/li>\n<li><a class=\"wp-block-latest-posts__post-title\" href=\"https:\/\/www.ff-mariaschmolln.at\/web\/uebung-06-05-2022\/\">\u00dcbung 06.05.2022<\/a><time datetime=\"2022-05-07T13:50:00+02:00\" class=\"wp-block-latest-posts__post-date\">7. Mai 2022<\/time><div class=\"wp-block-latest-posts__post-excerpt\">Am 6. Mai wurde der richtige Umgang mit dem hydraulischen&#8230;<\/div><\/li>\n<li><div class=\"wp-block-latest-posts__featured-image\"><img loading=\"lazy\" decoding=\"async\" width=\"200\" height=\"133\" src=\"https:\/\/www.ff-mariaschmolln.at\/web\/wp-content\/uploads\/2022\/04\/WhatsApp-Image-2022-04-27-at-18.30.02-300x200.jpeg\" class=\"attachment-medium size-medium wp-post-image\" alt=\"\" style=\"\" srcset=\"https:\/\/www.ff-mariaschmolln.at\/web\/wp-content\/uploads\/2022\/04\/WhatsApp-Image-2022-04-27-at-18.30.02-300x200.jpeg 300w, https:\/\/www.ff-mariaschmolln.at\/web\/wp-content\/uploads\/2022\/04\/WhatsApp-Image-2022-04-27-at-18.30.02-1024x683.jpeg 1024w, https:\/\/www.ff-mariaschmolln.at\/web\/wp-content\/uploads\/2022\/04\/WhatsApp-Image-2022-04-27-at-18.30.02-768x512.jpeg 768w, https:\/\/www.ff-mariaschmolln.at\/web\/wp-content\/uploads\/2022\/04\/WhatsApp-Image-2022-04-27-at-18.30.02.jpeg 1500w\" sizes=\"auto, (max-width: 200px) 100vw, 200px\" \/><\/div><a class=\"wp-block-latest-posts__post-title\" href=\"https:\/\/www.ff-mariaschmolln.at\/web\/fruehjahrsuebung-07-04-2022\/\">Fr\u00fchjahrs\u00fcbung 07.04.2022<\/a><time datetime=\"2022-04-08T13:51:00+02:00\" class=\"wp-block-latest-posts__post-date\">8. April 2022<\/time><div class=\"wp-block-latest-posts__post-excerpt\">Die heurige Fr\u00fchjahrs\u00fcbung wurde gemeinsam mit der&#8230;<\/div><\/li>\n<li><div class=\"wp-block-latest-posts__featured-image\"><img loading=\"lazy\" decoding=\"async\" width=\"200\" height=\"150\" src=\"https:\/\/www.ff-mariaschmolln.at\/web\/wp-content\/uploads\/2022\/04\/WhatsApp-Image-2022-04-27-at-18.30.026-300x225.jpeg\" class=\"attachment-medium size-medium wp-post-image\" alt=\"\" style=\"\" srcset=\"https:\/\/www.ff-mariaschmolln.at\/web\/wp-content\/uploads\/2022\/04\/WhatsApp-Image-2022-04-27-at-18.30.026-300x225.jpeg 300w, https:\/\/www.ff-mariaschmolln.at\/web\/wp-content\/uploads\/2022\/04\/WhatsApp-Image-2022-04-27-at-18.30.026-1024x768.jpeg 1024w, https:\/\/www.ff-mariaschmolln.at\/web\/wp-content\/uploads\/2022\/04\/WhatsApp-Image-2022-04-27-at-18.30.026-768x576.jpeg 768w, https:\/\/www.ff-mariaschmolln.at\/web\/wp-content\/uploads\/2022\/04\/WhatsApp-Image-2022-04-27-at-18.30.026-1536x1152.jpeg 1536w, https:\/\/www.ff-mariaschmolln.at\/web\/wp-content\/uploads\/2022\/04\/WhatsApp-Image-2022-04-27-at-18.30.026.jpeg 1824w\" sizes=\"auto, (max-width: 200px) 100vw, 200px\" \/><\/div><a class=\"wp-block-latest-posts__post-title\" href=\"https:\/\/www.ff-mariaschmolln.at\/web\/teilnahme-uebung-st-johann-am-walde-25-03-2022\/\">Teilnahme \u00dcbung St. Johann am Walde 25.03.2022<\/a><time datetime=\"2022-03-26T13:53:00+01:00\" class=\"wp-block-latest-posts__post-date\">26. M\u00e4rz 2022<\/time><div class=\"wp-block-latest-posts__post-excerpt\">Am 25. M\u00e4rz beteiligten wir uns bei der R\u00e4umungs\u00fcbung der&#8230;<\/div><\/li>\n<li><a class=\"wp-block-latest-posts__post-title\" href=\"https:\/\/www.ff-mariaschmolln.at\/web\/uebung-17-03-2022\/\">\u00dcbung 17.03.2022<\/a><time datetime=\"2022-03-18T13:56:00+01:00\" class=\"wp-block-latest-posts__post-date\">18. M\u00e4rz 2022<\/time><div class=\"wp-block-latest-posts__post-excerpt\">Bei der Praxis\u00fcbung am 17. M\u00e4rz schauten sich die \u00dcbungsteilnehmer&#8230;<\/div><\/li>\n<li><div class=\"wp-block-latest-posts__featured-image\"><img loading=\"lazy\" decoding=\"async\" width=\"200\" height=\"150\" src=\"https:\/\/www.ff-mariaschmolln.at\/web\/wp-content\/uploads\/2022\/03\/WhatsApp-Image-2022-03-03-at-21.22.542-300x225.jpeg\" class=\"attachment-medium size-medium wp-post-image\" alt=\"\" style=\"\" srcset=\"https:\/\/www.ff-mariaschmolln.at\/web\/wp-content\/uploads\/2022\/03\/WhatsApp-Image-2022-03-03-at-21.22.542-300x225.jpeg 300w, https:\/\/www.ff-mariaschmolln.at\/web\/wp-content\/uploads\/2022\/03\/WhatsApp-Image-2022-03-03-at-21.22.542-1024x768.jpeg 1024w, https:\/\/www.ff-mariaschmolln.at\/web\/wp-content\/uploads\/2022\/03\/WhatsApp-Image-2022-03-03-at-21.22.542-768x576.jpeg 768w, https:\/\/www.ff-mariaschmolln.at\/web\/wp-content\/uploads\/2022\/03\/WhatsApp-Image-2022-03-03-at-21.22.542-1536x1153.jpeg 1536w, https:\/\/www.ff-mariaschmolln.at\/web\/wp-content\/uploads\/2022\/03\/WhatsApp-Image-2022-03-03-at-21.22.542.jpeg 1599w\" sizes=\"auto, (max-width: 200px) 100vw, 200px\" \/><\/div><a class=\"wp-block-latest-posts__post-title\" href=\"https:\/\/www.ff-mariaschmolln.at\/web\/uebung-03-03-2022\/\">\u00dcbung 03.03.2022<\/a><time datetime=\"2022-03-04T13:56:00+01:00\" class=\"wp-block-latest-posts__post-date\">4. M\u00e4rz 2022<\/time><div class=\"wp-block-latest-posts__post-excerpt\">Am 3. M\u00e4rz fand eine reine Atemschutz\u00fcbung statt, bei der&#8230;<\/div><\/li>\n<li><div class=\"wp-block-latest-posts__featured-image\"><img loading=\"lazy\" decoding=\"async\" width=\"200\" height=\"150\" src=\"https:\/\/www.ff-mariaschmolln.at\/web\/wp-content\/uploads\/2022\/03\/WhatsApp-Image-2022-02-25-at-09.31.14.jpeg\" class=\"attachment-medium size-medium wp-post-image\" alt=\"\" style=\"\" \/><\/div><a class=\"wp-block-latest-posts__post-title\" href=\"https:\/\/www.ff-mariaschmolln.at\/web\/uebung-24-02-2022\/\">\u00dcbung 24.02.2022<\/a><time datetime=\"2022-02-25T13:58:00+01:00\" class=\"wp-block-latest-posts__post-date\">25. Februar 2022<\/time><div class=\"wp-block-latest-posts__post-excerpt\">Bei der theoretischen \u00dcbung am 24. Februar wurden&#8230;<\/div><\/li>\n<li><a class=\"wp-block-latest-posts__post-title\" href=\"https:\/\/www.ff-mariaschmolln.at\/web\/uebung-17-02-2022\/\">\u00dcbung 17.02.2022<\/a><time datetime=\"2022-02-18T14:00:00+01:00\" class=\"wp-block-latest-posts__post-date\">18. Februar 2022<\/time><div class=\"wp-block-latest-posts__post-excerpt\">Am 17. Februar fand wieder eine gut besuchte 40+, 50+, 60+&#8230;<\/div><\/li>\n<li><div class=\"wp-block-latest-posts__featured-image\"><img loading=\"lazy\" decoding=\"async\" width=\"200\" height=\"150\" src=\"https:\/\/www.ff-mariaschmolln.at\/web\/wp-content\/uploads\/2022\/02\/IMG-20220203-WA0008-1-300x225.jpg\" class=\"attachment-medium size-medium wp-post-image\" alt=\"\" style=\"\" srcset=\"https:\/\/www.ff-mariaschmolln.at\/web\/wp-content\/uploads\/2022\/02\/IMG-20220203-WA0008-1-300x225.jpg 300w, https:\/\/www.ff-mariaschmolln.at\/web\/wp-content\/uploads\/2022\/02\/IMG-20220203-WA0008-1-1024x768.jpg 1024w, https:\/\/www.ff-mariaschmolln.at\/web\/wp-content\/uploads\/2022\/02\/IMG-20220203-WA0008-1-768x576.jpg 768w, https:\/\/www.ff-mariaschmolln.at\/web\/wp-content\/uploads\/2022\/02\/IMG-20220203-WA0008-1-1536x1152.jpg 1536w, https:\/\/www.ff-mariaschmolln.at\/web\/wp-content\/uploads\/2022\/02\/IMG-20220203-WA0008-1.jpg 1600w\" sizes=\"auto, (max-width: 200px) 100vw, 200px\" \/><\/div><a class=\"wp-block-latest-posts__post-title\" href=\"https:\/\/www.ff-mariaschmolln.at\/web\/uebung-03-02-2022\/\">\u00dcbung 03.02.2022<\/a><time datetime=\"2022-02-04T14:00:00+01:00\" class=\"wp-block-latest-posts__post-date\">4. Februar 2022<\/time><div class=\"wp-block-latest-posts__post-excerpt\">Bei der technischen \u00dcbung am 03. Februar wurde das Arbeiten mit&#8230;<\/div><\/li>\n<li><a class=\"wp-block-latest-posts__post-title\" href=\"https:\/\/www.ff-mariaschmolln.at\/web\/uebung-13-01-2022\/\">\u00dcbung 13.01.2022<\/a><time datetime=\"2022-01-14T14:02:00+01:00\" class=\"wp-block-latest-posts__post-date\">14. Januar 2022<\/time><div class=\"wp-block-latest-posts__post-excerpt\">Auf Grund der heiklen Situation wurde die erste \u00dcbung&#8230;<\/div><\/li>\n<\/ul>\n\n\n<ul class=\"wp-block-list\">\n<li><a href=\"https:\/\/www.ff-mariaschmolln.at\/web\/uebungen\/uebungen-2026\/\" data-type=\"link\" data-id=\"https:\/\/www.ff-mariaschmolln.at\/web\/uebungen\/uebungen-2026\/\">\u00dcbungen 2026<\/a><\/li>\n\n\n\n<li><a href=\"https:\/\/www.ff-mariaschmolln.at\/web\/uebungen\/uebungen-2025\/\" data-type=\"link\" data-id=\"https:\/\/www.ff-mariaschmolln.at\/web\/news\/uebungen-2025\/\">\u00dcbungen 2025<\/a><\/li>\n\n\n\n<li><a href=\"https:\/\/www.ff-mariaschmolln.at\/web\/uebungen\/uebungen-2024\/\">\u00dcbungen 2024<\/a><\/li>\n\n\n\n<li><a href=\"https:\/\/www.ff-mariaschmolln.at\/web\/uebungen\/uebungen-2023\/\">\u00dcbungen 2023<\/a><\/li>\n\n\n\n<li><a href=\"https:\/\/www.ff-mariaschmolln.at\/web\/uebungen\/uebungen-2022\/\">\u00dcbungen 2022<\/a><\/li>\n\n\n\n<li><a href=\"https:\/\/www.ff-mariaschmolln.at\/web\/uebungen\/uebungen-2021\/\">\u00dcbungen 2021<\/a><\/li>\n\n\n\n<li><a href=\"https:\/\/www.ff-mariaschmolln.at\/web\/uebungen\/uebungen-2020\/\">\u00dcbungen 2020<\/a><\/li>\n\n\n\n<li><a href=\"https:\/\/www.ff-mariaschmolln.at\/web\/uebungen\/uebungen-2019\/\">\u00dcbungen 2019<\/a><\/li>\n<\/ul>\n\n\n\n<p><\/p>\n","protected":false},"excerpt":{"rendered":"","protected":false},"author":1,"featured_media":0,"parent":171,"menu_order":0,"comment_status":"closed","ping_status":"closed","template":"","meta":{"footnotes":""},"class_list":["post-2072","page","type-page","status-publish","hentry","comments-off"],"_links":{"self":[{"href":"https:\/\/www.ff-mariaschmolln.at\/web\/wp-json\/wp\/v2\/pages\/2072","targetHints":{"allow":["GET"]}}],"collection":[{"href":"https:\/\/www.ff-mariaschmolln.at\/web\/wp-json\/wp\/v2\/pages"}],"about":[{"href":"https:\/\/www.ff-mariaschmolln.at\/web\/wp-json\/wp\/v2\/types\/page"}],"author":[{"embeddable":true,"href":"https:\/\/www.ff-mariaschmolln.at\/web\/wp-json\/wp\/v2\/users\/1"}],"replies":[{"embeddable":true,"href":"https:\/\/www.ff-mariaschmolln.at\/web\/wp-json\/wp\/v2\/comments?post=2072"}],"version-history":[{"count":9,"href":"https:\/\/www.ff-mariaschmolln.at\/web\/wp-json\/wp\/v2\/pages\/2072\/revisions"}],"predecessor-version":[{"id":4133,"href":"https:\/\/www.ff-mariaschmolln.at\/web\/wp-json\/wp\/v2\/pages\/2072\/revisions\/4133"}],"up":[{"embeddable":true,"href":"https:\/\/www.ff-mariaschmolln.at\/web\/wp-json\/wp\/v2\/pages\/171"}],"wp:attachment":[{"href":"https:\/\/www.ff-mariaschmolln.at\/web\/wp-json\/wp\/v2\/media?parent=2072"}],"curies":[{"name":"wp","href":"https:\/\/api.w.org\/{rel}","templated":true}]}}