{"id":3358,"date":"2025-01-01T18:39:26","date_gmt":"2025-01-01T17:39:26","guid":{"rendered":"https:\/\/www.ff-mariaschmolln.at\/web\/?page_id=3358"},"modified":"2026-02-23T12:31:10","modified_gmt":"2026-02-23T11:31:10","slug":"uebungen-2026","status":"publish","type":"page","link":"https:\/\/www.ff-mariaschmolln.at\/web\/uebungen\/uebungen-2026\/","title":{"rendered":"\u00dcbungen 2026"},"content":{"rendered":"<ul class=\"wp-block-latest-posts__list is-grid columns-3 has-dates wp-block-latest-posts\"><li><div class=\"wp-block-latest-posts__featured-image\"><img loading=\"lazy\" decoding=\"async\" width=\"200\" height=\"133\" src=\"https:\/\/www.ff-mariaschmolln.at\/web\/wp-content\/uploads\/2026\/04\/IMG_0069-200x133.jpeg\" class=\"attachment-medium size-medium wp-post-image\" alt=\"\" style=\"\" srcset=\"https:\/\/www.ff-mariaschmolln.at\/web\/wp-content\/uploads\/2026\/04\/IMG_0069-200x133.jpeg 200w, https:\/\/www.ff-mariaschmolln.at\/web\/wp-content\/uploads\/2026\/04\/IMG_0069-300x200.jpeg 300w, https:\/\/www.ff-mariaschmolln.at\/web\/wp-content\/uploads\/2026\/04\/IMG_0069-768x512.jpeg 768w, https:\/\/www.ff-mariaschmolln.at\/web\/wp-content\/uploads\/2026\/04\/IMG_0069-1536x1023.jpeg 1536w, https:\/\/www.ff-mariaschmolln.at\/web\/wp-content\/uploads\/2026\/04\/IMG_0069.jpeg 1600w\" sizes=\"auto, (max-width: 200px) 100vw, 200px\" \/><\/div><a class=\"wp-block-latest-posts__post-title\" href=\"https:\/\/www.ff-mariaschmolln.at\/web\/fruehjahrsuebung-09-04-2026\/\">Fr\u00fchjahrs\u00fcbung 09.04.2026<\/a><time datetime=\"2026-04-10T12:58:42+02:00\" class=\"wp-block-latest-posts__post-date\">10. April 2026<\/time><div class=\"wp-block-latest-posts__post-excerpt\">Am 9. April fand unsere diesj\u00e4hrige Fr\u00fchjahrs\u00fcbung in Form einer\u2026<\/div><\/li>\n<li><div class=\"wp-block-latest-posts__featured-image\"><img loading=\"lazy\" decoding=\"async\" width=\"150\" height=\"200\" src=\"https:\/\/www.ff-mariaschmolln.at\/web\/wp-content\/uploads\/2026\/03\/ecf25ced-83f1-44dd-9313-d5c99bea34c5-150x200.jpeg\" class=\"attachment-medium size-medium wp-post-image\" alt=\"\" style=\"\" srcset=\"https:\/\/www.ff-mariaschmolln.at\/web\/wp-content\/uploads\/2026\/03\/ecf25ced-83f1-44dd-9313-d5c99bea34c5-150x200.jpeg 150w, https:\/\/www.ff-mariaschmolln.at\/web\/wp-content\/uploads\/2026\/03\/ecf25ced-83f1-44dd-9313-d5c99bea34c5-225x300.jpeg 225w, https:\/\/www.ff-mariaschmolln.at\/web\/wp-content\/uploads\/2026\/03\/ecf25ced-83f1-44dd-9313-d5c99bea34c5-768x1024.jpeg 768w, https:\/\/www.ff-mariaschmolln.at\/web\/wp-content\/uploads\/2026\/03\/ecf25ced-83f1-44dd-9313-d5c99bea34c5-1152x1536.jpeg 1152w, https:\/\/www.ff-mariaschmolln.at\/web\/wp-content\/uploads\/2026\/03\/ecf25ced-83f1-44dd-9313-d5c99bea34c5.jpeg 1536w\" sizes=\"auto, (max-width: 150px) 100vw, 150px\" \/><\/div><a class=\"wp-block-latest-posts__post-title\" href=\"https:\/\/www.ff-mariaschmolln.at\/web\/uebung-26-03-2026\/\">\u00dcbung 26.03.2026<\/a><time datetime=\"2026-03-27T09:23:53+01:00\" class=\"wp-block-latest-posts__post-date\">27. M\u00e4rz 2026<\/time><div class=\"wp-block-latest-posts__post-excerpt\">\u201eYoungstars im Mittelpunkt\u201c &#8211; Unter diesem Motto fand am 26. M\u00e4rz\u2026<\/div><\/li>\n<li><div class=\"wp-block-latest-posts__featured-image\"><img loading=\"lazy\" decoding=\"async\" width=\"200\" height=\"150\" src=\"https:\/\/www.ff-mariaschmolln.at\/web\/wp-content\/uploads\/2026\/02\/6cae38a8-3c3d-440c-8f1c-8c1446436587-200x150.jpeg\" class=\"attachment-medium size-medium wp-post-image\" alt=\"\" style=\"\" srcset=\"https:\/\/www.ff-mariaschmolln.at\/web\/wp-content\/uploads\/2026\/02\/6cae38a8-3c3d-440c-8f1c-8c1446436587-200x150.jpeg 200w, https:\/\/www.ff-mariaschmolln.at\/web\/wp-content\/uploads\/2026\/02\/6cae38a8-3c3d-440c-8f1c-8c1446436587-300x225.jpeg 300w, https:\/\/www.ff-mariaschmolln.at\/web\/wp-content\/uploads\/2026\/02\/6cae38a8-3c3d-440c-8f1c-8c1446436587-768x576.jpeg 768w, https:\/\/www.ff-mariaschmolln.at\/web\/wp-content\/uploads\/2026\/02\/6cae38a8-3c3d-440c-8f1c-8c1446436587-1536x1152.jpeg 1536w, https:\/\/www.ff-mariaschmolln.at\/web\/wp-content\/uploads\/2026\/02\/6cae38a8-3c3d-440c-8f1c-8c1446436587-600x450.jpeg 600w, https:\/\/www.ff-mariaschmolln.at\/web\/wp-content\/uploads\/2026\/02\/6cae38a8-3c3d-440c-8f1c-8c1446436587.jpeg 2048w\" sizes=\"auto, (max-width: 200px) 100vw, 200px\" \/><\/div><a class=\"wp-block-latest-posts__post-title\" href=\"https:\/\/www.ff-mariaschmolln.at\/web\/uebung-26-02-2026\/\">\u00dcbung 26.02.2026<\/a><time datetime=\"2026-02-27T11:32:16+01:00\" class=\"wp-block-latest-posts__post-date\">27. Februar 2026<\/time><div class=\"wp-block-latest-posts__post-excerpt\">Diese \u00dcbung drehte sich um das Thema \u201eBrand Gewerbe\u201c und\u2026<\/div><\/li>\n<li><a class=\"wp-block-latest-posts__post-title\" href=\"https:\/\/www.ff-mariaschmolln.at\/web\/uebung-12-02-2026\/\">\u00dcbung 12.02.2026<\/a><time datetime=\"2026-02-13T17:26:52+01:00\" class=\"wp-block-latest-posts__post-date\">13. Februar 2026<\/time><div class=\"wp-block-latest-posts__post-excerpt\">Bei der diesmaligen 40+, 50+, 60+ \u00dcbung wurden verschiedene\u2026<\/div><\/li>\n<li><div class=\"wp-block-latest-posts__featured-image\"><img loading=\"lazy\" decoding=\"async\" width=\"200\" height=\"150\" src=\"https:\/\/www.ff-mariaschmolln.at\/web\/wp-content\/uploads\/2026\/02\/1acfbb61-3874-43e3-b49a-ad5e261ed5f4-200x150.jpeg\" class=\"attachment-medium size-medium wp-post-image\" alt=\"\" style=\"\" srcset=\"https:\/\/www.ff-mariaschmolln.at\/web\/wp-content\/uploads\/2026\/02\/1acfbb61-3874-43e3-b49a-ad5e261ed5f4-200x150.jpeg 200w, https:\/\/www.ff-mariaschmolln.at\/web\/wp-content\/uploads\/2026\/02\/1acfbb61-3874-43e3-b49a-ad5e261ed5f4-300x225.jpeg 300w, https:\/\/www.ff-mariaschmolln.at\/web\/wp-content\/uploads\/2026\/02\/1acfbb61-3874-43e3-b49a-ad5e261ed5f4-768x576.jpeg 768w, https:\/\/www.ff-mariaschmolln.at\/web\/wp-content\/uploads\/2026\/02\/1acfbb61-3874-43e3-b49a-ad5e261ed5f4-1536x1152.jpeg 1536w, https:\/\/www.ff-mariaschmolln.at\/web\/wp-content\/uploads\/2026\/02\/1acfbb61-3874-43e3-b49a-ad5e261ed5f4-600x450.jpeg 600w, https:\/\/www.ff-mariaschmolln.at\/web\/wp-content\/uploads\/2026\/02\/1acfbb61-3874-43e3-b49a-ad5e261ed5f4.jpeg 2048w\" sizes=\"auto, (max-width: 200px) 100vw, 200px\" \/><\/div><a class=\"wp-block-latest-posts__post-title\" href=\"https:\/\/www.ff-mariaschmolln.at\/web\/uebung-05-02-2026\/\">\u00dcbung 05.02.2026<\/a><time datetime=\"2026-02-06T17:02:37+01:00\" class=\"wp-block-latest-posts__post-date\">6. Februar 2026<\/time><div class=\"wp-block-latest-posts__post-excerpt\">Bei der ersten \u00dcbung im Februar ging es um die Themen Einsatzhygiene und\u2026<\/div><\/li>\n<li><div class=\"wp-block-latest-posts__featured-image\"><img loading=\"lazy\" decoding=\"async\" width=\"200\" height=\"150\" src=\"https:\/\/www.ff-mariaschmolln.at\/web\/wp-content\/uploads\/2026\/01\/5b20260e-bced-409c-8691-2ba80703e839-200x150.jpeg\" class=\"attachment-medium size-medium wp-post-image\" alt=\"\" style=\"\" srcset=\"https:\/\/www.ff-mariaschmolln.at\/web\/wp-content\/uploads\/2026\/01\/5b20260e-bced-409c-8691-2ba80703e839-200x150.jpeg 200w, https:\/\/www.ff-mariaschmolln.at\/web\/wp-content\/uploads\/2026\/01\/5b20260e-bced-409c-8691-2ba80703e839-300x225.jpeg 300w, https:\/\/www.ff-mariaschmolln.at\/web\/wp-content\/uploads\/2026\/01\/5b20260e-bced-409c-8691-2ba80703e839-768x576.jpeg 768w, https:\/\/www.ff-mariaschmolln.at\/web\/wp-content\/uploads\/2026\/01\/5b20260e-bced-409c-8691-2ba80703e839-1536x1152.jpeg 1536w, https:\/\/www.ff-mariaschmolln.at\/web\/wp-content\/uploads\/2026\/01\/5b20260e-bced-409c-8691-2ba80703e839-600x450.jpeg 600w, https:\/\/www.ff-mariaschmolln.at\/web\/wp-content\/uploads\/2026\/01\/5b20260e-bced-409c-8691-2ba80703e839.jpeg 2000w\" sizes=\"auto, (max-width: 200px) 100vw, 200px\" \/><\/div><a class=\"wp-block-latest-posts__post-title\" href=\"https:\/\/www.ff-mariaschmolln.at\/web\/uebung-15-01-2026\/\">\u00dcbung 15.01.2026<\/a><time datetime=\"2026-01-16T15:04:40+01:00\" class=\"wp-block-latest-posts__post-date\">16. Januar 2026<\/time><div class=\"wp-block-latest-posts__post-excerpt\">Die erste \u00dcbung im Jahr 2026 war eine Theorie-\u00dcbung. Es wurden\u2026<\/div><\/li>\n<\/ul>\n\n\n<p><\/p>\n\n\n\n<ul class=\"wp-block-list\">\n<li><a href=\"https:\/\/www.ff-mariaschmolln.at\/web\/uebungen\/uebungen-2025\/\" data-type=\"link\" data-id=\"https:\/\/www.ff-mariaschmolln.at\/web\/news\/uebungen-2025\/\">\u00dcbungen 2025<\/a><\/li>\n\n\n\n<li><a href=\"https:\/\/www.ff-mariaschmolln.at\/web\/uebungen\/uebungen-2024\/\">\u00dcbungen 2024<\/a><\/li>\n\n\n\n<li><a href=\"https:\/\/www.ff-mariaschmolln.at\/web\/uebungen\/uebungen-2023\/\">\u00dcbungen 2023<\/a><\/li>\n\n\n\n<li><a href=\"https:\/\/www.ff-mariaschmolln.at\/web\/uebungen\/uebungen-2022\/\">\u00dcbungen 2022<\/a><\/li>\n\n\n\n<li><a href=\"https:\/\/www.ff-mariaschmolln.at\/web\/uebungen\/uebungen-2021\/\">\u00dcbungen 2021<\/a><\/li>\n\n\n\n<li><a href=\"https:\/\/www.ff-mariaschmolln.at\/web\/uebungen\/uebungen-2020\/\">\u00dcbungen 2020<\/a><\/li>\n\n\n\n<li><a href=\"https:\/\/www.ff-mariaschmolln.at\/web\/uebungen\/uebungen-2019\/\">\u00dcbungen 2019<\/a><\/li>\n<\/ul>\n","protected":false},"excerpt":{"rendered":"","protected":false},"author":1,"featured_media":0,"parent":171,"menu_order":0,"comment_status":"closed","ping_status":"closed","template":"","meta":{"footnotes":""},"class_list":["post-3358","page","type-page","status-publish","hentry","comments-off"],"_links":{"self":[{"href":"https:\/\/www.ff-mariaschmolln.at\/web\/wp-json\/wp\/v2\/pages\/3358","targetHints":{"allow":["GET"]}}],"collection":[{"href":"https:\/\/www.ff-mariaschmolln.at\/web\/wp-json\/wp\/v2\/pages"}],"about":[{"href":"https:\/\/www.ff-mariaschmolln.at\/web\/wp-json\/wp\/v2\/types\/page"}],"author":[{"embeddable":true,"href":"https:\/\/www.ff-mariaschmolln.at\/web\/wp-json\/wp\/v2\/users\/1"}],"replies":[{"embeddable":true,"href":"https:\/\/www.ff-mariaschmolln.at\/web\/wp-json\/wp\/v2\/comments?post=3358"}],"version-history":[{"count":8,"href":"https:\/\/www.ff-mariaschmolln.at\/web\/wp-json\/wp\/v2\/pages\/3358\/revisions"}],"predecessor-version":[{"id":4129,"href":"https:\/\/www.ff-mariaschmolln.at\/web\/wp-json\/wp\/v2\/pages\/3358\/revisions\/4129"}],"up":[{"embeddable":true,"href":"https:\/\/www.ff-mariaschmolln.at\/web\/wp-json\/wp\/v2\/pages\/171"}],"wp:attachment":[{"href":"https:\/\/www.ff-mariaschmolln.at\/web\/wp-json\/wp\/v2\/media?parent=3358"}],"curies":[{"name":"wp","href":"https:\/\/api.w.org\/{rel}","templated":true}]}}